{"id":880,"date":"2025-03-31T09:56:34","date_gmt":"2025-03-31T12:56:34","guid":{"rendered":"https:\/\/www.fcf.unicamp.br\/xvenpqfm\/?page_id=880"},"modified":"2025-04-07T10:51:18","modified_gmt":"2025-04-07T13:51:18","slug":"como-chegar","status":"publish","type":"page","link":"https:\/\/www.fcf.unicamp.br\/xvenpqfm\/como-chegar\/","title":{"rendered":"Como Chegar?"},"content":{"rendered":"\t\t<div data-elementor-type=\"wp-page\" data-elementor-id=\"880\" class=\"elementor elementor-880\" data-elementor-post-type=\"page\">\n\t\t\t\t\t\t<section class=\"elementor-section elementor-top-section elementor-element elementor-element-28a34490 elementor-section-boxed elementor-section-height-default elementor-section-height-default\" data-id=\"28a34490\" data-element_type=\"section\" data-settings=\"{&quot;background_background&quot;:&quot;classic&quot;}\">\n\t\t\t\t\t\t\t<div class=\"elementor-background-overlay\"><\/div>\n\t\t\t\t\t\t\t<div class=\"elementor-container elementor-column-gap-default\">\n\t\t\t\t\t<div class=\"elementor-column elementor-col-100 elementor-top-column elementor-element elementor-element-336146f0\" data-id=\"336146f0\" data-element_type=\"column\">\n\t\t\t<div class=\"elementor-widget-wrap elementor-element-populated\">\n\t\t\t\t\t\t<section class=\"elementor-section elementor-inner-section elementor-element elementor-element-56ad18e1 elementor-section-boxed elementor-section-height-default elementor-section-height-default\" data-id=\"56ad18e1\" data-element_type=\"section\">\n\t\t\t\t\t\t<div class=\"elementor-container elementor-column-gap-no\">\n\t\t\t\t\t<div class=\"elementor-column elementor-col-100 elementor-inner-column elementor-element elementor-element-504db7e9\" data-id=\"504db7e9\" data-element_type=\"column\">\n\t\t\t<div class=\"elementor-widget-wrap elementor-element-populated\">\n\t\t\t\t\t\t<div class=\"elementor-element elementor-element-76aaa432 elementor-invisible elementor-widget elementor-widget-heading\" data-id=\"76aaa432\" data-element_type=\"widget\" data-settings=\"{&quot;_animation&quot;:&quot;slideInLeft&quot;}\" data-widget_type=\"heading.default\">\n\t\t\t\t<div class=\"elementor-widget-container\">\n\t\t\t\t\t<h2 class=\"elementor-heading-title elementor-size-default\">COMO CHEGAR?<\/h2>\t\t\t\t<\/div>\n\t\t\t\t<\/div>\n\t\t\t\t\t<\/div>\n\t\t<\/div>\n\t\t\t\t\t<\/div>\n\t\t<\/section>\n\t\t\t\t\t<\/div>\n\t\t<\/div>\n\t\t\t\t\t<\/div>\n\t\t<\/section>\n\t\t\t\t<section class=\"elementor-section elementor-top-section elementor-element elementor-element-44619a4c elementor-reverse-tablet elementor-reverse-mobile elementor-section-boxed elementor-section-height-default elementor-section-height-default\" data-id=\"44619a4c\" data-element_type=\"section\">\n\t\t\t\t\t\t<div class=\"elementor-container elementor-column-gap-default\">\n\t\t\t\t\t<div class=\"elementor-column elementor-col-100 elementor-top-column elementor-element elementor-element-fa99d50\" data-id=\"fa99d50\" data-element_type=\"column\">\n\t\t\t<div class=\"elementor-widget-wrap elementor-element-populated\">\n\t\t\t\t<div class=\"elementor-element elementor-element-61f0483 e-con-full e-flex e-con e-child\" data-id=\"61f0483\" data-element_type=\"container\" data-settings=\"{&quot;background_background&quot;:&quot;classic&quot;}\">\n\t\t<div class=\"elementor-element elementor-element-8125d81 e-con-full e-flex e-con e-child\" data-id=\"8125d81\" data-element_type=\"container\">\n\t\t\t\t<div class=\"elementor-element elementor-element-d23c0c6 elementor-widget-mobile__width-inherit elementor-widget elementor-widget-heading\" data-id=\"d23c0c6\" data-element_type=\"widget\" data-widget_type=\"heading.default\">\n\t\t\t\t<div class=\"elementor-widget-container\">\n\t\t\t\t\t<h2 class=\"elementor-heading-title elementor-size-default\">Como chegar<\/h2>\t\t\t\t<\/div>\n\t\t\t\t<\/div>\n\t\t\t\t<div class=\"elementor-element elementor-element-172b508 elementor-widget__width-initial elementor-widget elementor-widget-text-editor\" data-id=\"172b508\" data-element_type=\"widget\" data-widget_type=\"text-editor.default\">\n\t\t\t\t<div class=\"elementor-widget-container\">\n\t\t\t\t\t\t\t\t\t<h2 class=\"qrShPb pXs6bb PZPZlf q8U8x aTI8gc hNKfZe\" data-dtype=\"d3ifr\" data-local-attribute=\"d3bn\" data-attrid=\"title\" data-ved=\"2ahUKEwjz3o_3wbSMAxVkq5UCHZU5BHMQ3B0oAHoECEQQAQ\">CPV &#8211; Casa do Professor Visitante Unicamp<\/h2><div class=\"wDYxhc\" data-attrid=\"kc:\/local:located in\" data-md=\"142\" data-hveid=\"CDUQAA\" data-ved=\"2ahUKEwjz3o_3wbSMAxVkq5UCHZU5BHMQ720oAHoECDUQAA\"><div class=\"zloOqf pNrDqb\"><span class=\"IRH78d\">Localizado em:<\/span>\u00a0<a href=\"https:\/\/www.google.com\/search?sca_esv=fd0b6290a00de74f&amp;rlz=1C1VDKB_pt-PTBR1069BR1069&amp;q=Universidade+Estadual+de+Campinas&amp;ludocid=14329175345872557974&amp;lsig=AB86z5U5bYxlB_4lx5tRVtFu0A8i&amp;sa=X&amp;ved=2ahUKEwjz3o_3wbSMAxVkq5UCHZU5BHMQ8G0oAHoECDUQAQ\">Universidade Estadual de Campinas<\/a><\/div><\/div><div class=\"wDYxhc\" data-attrid=\"kc:\/location\/location:address\" data-md=\"1002\" data-hveid=\"CDYQAA\" data-ved=\"2ahUKEwjz3o_3wbSMAxVkq5UCHZU5BHMQkCl6BAg2EAA\"><div class=\"Z1hOCe\"><div class=\"zloOqf PZPZlf\" data-dtype=\"d3ifr\" data-local-attribute=\"d3adr\" data-mid=\"\/g\/11ckvnxn7_\" data-ved=\"2ahUKEwjz3o_3wbSMAxVkq5UCHZU5BHMQghwoAHoECDYQAQ\"><span class=\"w8qArf FoJoyf\"><a class=\"fl\" href=\"https:\/\/www.google.com\/search?sca_esv=fd0b6290a00de74f&amp;rlz=1C1VDKB_pt-PTBR1069BR1069&amp;q=casa+do+professor+unicamp+endere%C3%A7o&amp;ludocid=7466431617529961337&amp;sa=X&amp;ved=2ahUKEwjz3o_3wbSMAxVkq5UCHZU5BHMQ6BN6BAg2EAI&amp;biw=1920&amp;bih=911&amp;dpr=1\" data-ved=\"2ahUKEwjz3o_3wbSMAxVkq5UCHZU5BHMQ6BN6BAg2EAI\">Endere\u00e7o<\/a>:\u00a0<\/span><span class=\"LrzXr\">Av. \u00c9rico Ver\u00edssimo, 1251 &#8211; Cidade Universit\u00e1ria, Campinas &#8211; SP, 13083-851<\/span><\/div><\/div><\/div><div class=\"wDYxhc\" data-attrid=\"kc:\/local:alt phone\" data-md=\"1006\" data-hveid=\"CDcQAA\" data-ved=\"2ahUKEwjz3o_3wbSMAxVkq5UCHZU5BHMQkCl6BAg3EAA\"><div class=\"Z1hOCe\"><div class=\"zloOqf PZPZlf\" data-dtype=\"d3ifr\" data-local-attribute=\"d3ph\" data-ved=\"2ahUKEwjz3o_3wbSMAxVkq5UCHZU5BHMQ8I0BKAB6BAg3EAE\"><span class=\"w8qArf FoJoyf\"><a class=\"fl\" href=\"https:\/\/www.google.com\/search?sca_esv=fd0b6290a00de74f&amp;rlz=1C1VDKB_pt-PTBR1069BR1069&amp;q=casa+do+professor+unicamp+telefone&amp;ludocid=7466431617529961337&amp;sa=X&amp;ved=2ahUKEwjz3o_3wbSMAxVkq5UCHZU5BHMQ6BN6BAg3EAI\" data-ved=\"2ahUKEwjz3o_3wbSMAxVkq5UCHZU5BHMQ6BN6BAg3EAI\">Telefone<\/a>:\u00a0<\/span><span class=\"LrzXr zdqRlf kno-fv\"><a href=\"https:\/\/www.google.com\/search?q=cpv&amp;rlz=1C1VDKB_pt-PTBR1069BR1069&amp;oq=cpv&amp;gs_lcrp=EgZjaHJvbWUyDAgAEEUYORixAxiABDITCAEQLhivARjHARiABBiYBRiZBTIKCAIQABixAxiABDIHCAMQABiABDIHCAQQABiABDIHCAUQABiABDIHCAYQABiABDINCAcQLhivARjHARiABDIHCAgQABiABNIBCDEzNzVqMGo3qAIAsAIA&amp;sourceid=chrome&amp;ie=UTF-8#\" data-dtype=\"d3ph\" data-local-attribute=\"d3ph\" data-ved=\"2ahUKEwjz3o_3wbSMAxVkq5UCHZU5BHMQkAgoAHoECDcQAw\"><span aria-label=\"Ligar para (19) 3521-2809\">(19) 3521-2809<\/span><\/a><\/span><\/div><\/div><\/div>\t\t\t\t\t\t\t\t<\/div>\n\t\t\t\t<\/div>\n\t\t\t\t<\/div>\n\t\t<div class=\"elementor-element elementor-element-203a0dc e-con-full e-flex e-con e-child\" data-id=\"203a0dc\" data-element_type=\"container\">\n\t\t\t\t<div class=\"elementor-element elementor-element-7f18ae3 elementor-widget elementor-widget-google_maps\" data-id=\"7f18ae3\" data-element_type=\"widget\" data-widget_type=\"google_maps.default\">\n\t\t\t\t<div class=\"elementor-widget-container\">\n\t\t\t\t\t\t\t<div class=\"elementor-custom-embed\">\n\t\t\t<iframe loading=\"lazy\"\n\t\t\t\t\tsrc=\"https:\/\/maps.google.com\/maps?q=casa%20do%20professor%20visitante&#038;t=m&#038;z=15&#038;output=embed&#038;iwloc=near\"\n\t\t\t\t\ttitle=\"casa do professor visitante\"\n\t\t\t\t\taria-label=\"casa do professor visitante\"\n\t\t\t><\/iframe>\n\t\t<\/div>\n\t\t\t\t\t\t<\/div>\n\t\t\t\t<\/div>\n\t\t\t\t<\/div>\n\t\t\t\t<\/div>\n\t\t\t\t<div class=\"elementor-element elementor-element-8216791 elementor-widget elementor-widget-image\" data-id=\"8216791\" data-element_type=\"widget\" data-widget_type=\"image.default\">\n\t\t\t\t<div class=\"elementor-widget-container\">\n\t\t\t\t\t\t\t\t\t\t\t\t\t\t\t<img fetchpriority=\"high\" decoding=\"async\" width=\"1920\" height=\"11369\" src=\"https:\/\/www.fcf.unicamp.br\/xvenpqfm\/wp-content\/uploads\/sites\/12\/2025\/03\/Apex_1743429829005.png\" class=\"attachment-full size-full wp-image-894\" alt=\"\" srcset=\"https:\/\/www.fcf.unicamp.br\/xvenpqfm\/wp-content\/uploads\/sites\/12\/2025\/03\/Apex_1743429829005.png 1920w, https:\/\/www.fcf.unicamp.br\/xvenpqfm\/wp-content\/uploads\/sites\/12\/2025\/03\/Apex_1743429829005-173x1024.png 173w, https:\/\/www.fcf.unicamp.br\/xvenpqfm\/wp-content\/uploads\/sites\/12\/2025\/03\/Apex_1743429829005-768x4548.png 768w, https:\/\/www.fcf.unicamp.br\/xvenpqfm\/wp-content\/uploads\/sites\/12\/2025\/03\/Apex_1743429829005-346x2048.png 346w\" sizes=\"(max-width: 1920px) 100vw, 1920px\" \/>\t\t\t\t\t\t\t\t\t\t\t\t\t\t\t<\/div>\n\t\t\t\t<\/div>\n\t\t\t\t\t<\/div>\n\t\t<\/div>\n\t\t\t\t\t<\/div>\n\t\t<\/section>\n\t\t\t\t<section class=\"elementor-section elementor-top-section elementor-element elementor-element-789c9e8 elementor-reverse-tablet elementor-reverse-mobile elementor-section-boxed elementor-section-height-default elementor-section-height-default\" data-id=\"789c9e8\" data-element_type=\"section\">\n\t\t\t\t\t\t<div class=\"elementor-container elementor-column-gap-default\">\n\t\t\t\t\t<div class=\"elementor-column elementor-col-100 elementor-top-column elementor-element elementor-element-9048edf\" data-id=\"9048edf\" data-element_type=\"column\">\n\t\t\t<div class=\"elementor-widget-wrap\">\n\t\t\t\t\t\t\t<\/div>\n\t\t<\/div>\n\t\t\t\t\t<\/div>\n\t\t<\/section>\n\t\t\t\t<\/div>\n\t\t","protected":false},"excerpt":{"rendered":"<p>COMO CHEGAR? Como chegar CPV &#8211; Casa do Professor Visitante Unicamp Localizado em:\u00a0Universidade Estadual de CampinasEndere\u00e7o:\u00a0Av. \u00c9rico Ver\u00edssimo, 1251 &#8211; Cidade Universit\u00e1ria, Campinas &#8211; SP, 13083-851Telefone:\u00a0(19) 3521-2809<\/p>\n","protected":false},"author":21,"featured_media":0,"parent":0,"menu_order":0,"comment_status":"closed","ping_status":"closed","template":"","meta":{"footnotes":""},"class_list":["post-880","page","type-page","status-publish","hentry"],"amp_enabled":true,"_links":{"self":[{"href":"https:\/\/www.fcf.unicamp.br\/xvenpqfm\/wp-json\/wp\/v2\/pages\/880","targetHints":{"allow":["GET"]}}],"collection":[{"href":"https:\/\/www.fcf.unicamp.br\/xvenpqfm\/wp-json\/wp\/v2\/pages"}],"about":[{"href":"https:\/\/www.fcf.unicamp.br\/xvenpqfm\/wp-json\/wp\/v2\/types\/page"}],"author":[{"embeddable":true,"href":"https:\/\/www.fcf.unicamp.br\/xvenpqfm\/wp-json\/wp\/v2\/users\/21"}],"replies":[{"embeddable":true,"href":"https:\/\/www.fcf.unicamp.br\/xvenpqfm\/wp-json\/wp\/v2\/comments?post=880"}],"version-history":[{"count":16,"href":"https:\/\/www.fcf.unicamp.br\/xvenpqfm\/wp-json\/wp\/v2\/pages\/880\/revisions"}],"predecessor-version":[{"id":904,"href":"https:\/\/www.fcf.unicamp.br\/xvenpqfm\/wp-json\/wp\/v2\/pages\/880\/revisions\/904"}],"wp:attachment":[{"href":"https:\/\/www.fcf.unicamp.br\/xvenpqfm\/wp-json\/wp\/v2\/media?parent=880"}],"curies":[{"name":"wp","href":"https:\/\/api.w.org\/{rel}","templated":true}]}}