{"id":814,"date":"2025-04-24T19:59:07","date_gmt":"2025-04-24T22:59:07","guid":{"rendered":"https:\/\/www.fcf.unicamp.br\/cursos-extensao\/?page_id=814"},"modified":"2026-04-16T11:56:35","modified_gmt":"2026-04-16T14:56:35","slug":"cursos","status":"publish","type":"page","link":"https:\/\/www.fcf.unicamp.br\/cursos-extensao\/cursos\/","title":{"rendered":"Cursos de extens\u00e3o"},"content":{"rendered":"\t\t<div data-elementor-type=\"wp-page\" data-elementor-id=\"814\" class=\"elementor elementor-814\" data-elementor-post-type=\"page\">\n\t\t\t\t<div class=\"elementor-element elementor-element-6f3925f e-con-full e-flex e-con e-parent\" data-id=\"6f3925f\" data-element_type=\"container\">\n\t\t<div class=\"elementor-element elementor-element-3ba7f95 e-con-full e-flex e-con e-child\" data-id=\"3ba7f95\" data-element_type=\"container\">\n\t\t\t\t<div class=\"elementor-element elementor-element-3611467d elementor-widget elementor-widget-text-editor\" data-id=\"3611467d\" data-element_type=\"widget\" data-widget_type=\"text-editor.default\">\n\t\t\t\t<div class=\"elementor-widget-container\">\n\t\t\t\t\t\t\t\t\t<div class=\"wp-block-group\">\n<p><\/p>\n<p class=\"has-x-large-font-size wp-container-content-516f2167\"><span style=\"font-size: 24pt;color: #baa029;font-family: tahoma, arial, helvetica, sans-serif\"><strong><span style=\"color: #333333;font-size: 18pt\">Cursos de<\/span> <span style=\"font-size: 36pt\">extens\u00e3o:<\/span><\/strong><\/span><\/p>\n<p><\/p>\n<p class=\"wp-container-content-516f2167\">S\u00e3o atividades educacionais, de curta ou m\u00e9dia dura\u00e7\u00e3o, promovidas pelas institui\u00e7\u00f5es de ensino superior, destinadas a p\u00fablicos diversos, com o objetivo de difundir conhecimento, promover a forma\u00e7\u00e3o continuada e fortalecer a intera\u00e7\u00e3o entre universidade e sociedade.<\/p>\n<p><\/p>\n<p class=\"wp-container-content-516f2167\">Esses cursos integram ensino, pesquisa e extens\u00e3o, contribuindo para o desenvolvimento pessoal, profissional e social dos participantes, e abordam temas relevantes para a comunidade, com base em saberes acad\u00eamicos e pr\u00e1ticos.\u00a0<\/p>\n<p><\/p>\n<p><\/p>\n<\/div>\n<p><!-- \/wp:group --><!-- wp:paragraph --><\/p>\n<p><!-- \/wp:paragraph --><\/p>\t\t\t\t\t\t\t\t<\/div>\n\t\t\t\t<\/div>\n\t\t\t\t<\/div>\n\t\t\t\t<\/div>\n\t\t<div class=\"elementor-element elementor-element-4253ed1 e-flex e-con-boxed e-con e-parent\" data-id=\"4253ed1\" data-element_type=\"container\">\n\t\t\t\t\t<div class=\"e-con-inner\">\n\t\t\t\t<div class=\"elementor-element elementor-element-1430c53 elementor-widget-divider--view-line elementor-widget elementor-widget-divider\" data-id=\"1430c53\" data-element_type=\"widget\" data-widget_type=\"divider.default\">\n\t\t\t\t<div class=\"elementor-widget-container\">\n\t\t\t\t\t\t\t<div class=\"elementor-divider\">\n\t\t\t<span class=\"elementor-divider-separator\">\n\t\t\t\t\t\t<\/span>\n\t\t<\/div>\n\t\t\t\t\t\t<\/div>\n\t\t\t\t<\/div>\n\t\t\t\t<div class=\"elementor-element elementor-element-b3c9fb9 elementor-widget elementor-widget-spacer\" data-id=\"b3c9fb9\" data-element_type=\"widget\" data-widget_type=\"spacer.default\">\n\t\t\t\t<div class=\"elementor-widget-container\">\n\t\t\t\t\t\t\t<div class=\"elementor-spacer\">\n\t\t\t<div class=\"elementor-spacer-inner\"><\/div>\n\t\t<\/div>\n\t\t\t\t\t\t<\/div>\n\t\t\t\t<\/div>\n\t\t\t\t\t<\/div>\n\t\t\t\t<\/div>\n\t\t<div class=\"elementor-element elementor-element-af874ab e-con-full e-flex e-con e-parent\" data-id=\"af874ab\" data-element_type=\"container\">\n\t\t\t\t<div class=\"elementor-element elementor-element-b94f059 elementor-widget__width-initial elementor-widget elementor-widget-text-editor\" data-id=\"b94f059\" data-element_type=\"widget\" data-widget_type=\"text-editor.default\">\n\t\t\t\t<div class=\"elementor-widget-container\">\n\t\t\t\t\t\t\t\t\t<p><span style=\"color: #333333;font-size: 14pt\"><strong>Cursos oferecidos no <\/strong><\/span><span style=\"color: #3366ff\"><span style=\"font-size: 14pt\"><strong>Coursera<\/strong><\/span><\/span><\/p>\n<p><!-- \/wp:paragraph --><!-- wp:paragraph {\"style\":{\"layout\":{\"columnSpan\":5,\"rowSpan\":1}}} --><\/p>\n<p><a href=\"https:\/\/www.coursera.org\/learn\/revisao-sistematica\" data-type=\"link\" data-id=\"https:\/\/www.coursera.org\/learn\/revisao-sistematica\">Revis\u00e3o Sistem\u00e1tica e Meta-an\u00e1lise;<br \/><\/a><a href=\"https:\/\/www.coursera.org\/learn\/sbe\" data-type=\"link\" data-id=\"https:\/\/www.coursera.org\/learn\/sbe\">Sa\u00fade Baseada em Evid\u00eancias;<br \/><\/a><a href=\"https:\/\/www.coursera.org\/learn\/cosmetologia\">Cosmetologia em prol do envelhecimento com sa\u00fade e beleza;<br \/><\/a><a href=\"https:\/\/www.coursera.org\/learn\/cosmeticos\">Cosmetologia: Pr\u00e1tica de Manipula\u00e7\u00e3o de Cosm\u00e9ticos.<\/a><\/p>\n<p><!-- \/wp:paragraph --><!-- wp:image {\"id\":855,\"sizeSlug\":\"large\",\"linkDestination\":\"none\",\"style\":{\"layout\":{\"columnSpan\":1,\"rowSpan\":1}}} --><\/p>\n<figure class=\"wp-block-image size-large\"><\/figure>\n<p><!-- \/wp:image --><!-- wp:spacer --><\/p>\n<div class=\"wp-block-spacer\" style=\"height: 100px\" aria-hidden=\"true\">\u00a0<\/div>\t\t\t\t\t\t\t\t<\/div>\n\t\t\t\t<\/div>\n\t\t\t\t<div class=\"elementor-element elementor-element-6eab851 elementor-widget__width-initial elementor-widget elementor-widget-image\" data-id=\"6eab851\" data-element_type=\"widget\" data-widget_type=\"image.default\">\n\t\t\t\t<div class=\"elementor-widget-container\">\n\t\t\t\t\t\t\t\t\t\t\t\t\t\t\t<img fetchpriority=\"high\" decoding=\"async\" width=\"1024\" height=\"821\" src=\"https:\/\/www.fcf.unicamp.br\/cursos-extensao\/wp-content\/uploads\/sites\/11\/2025\/05\/Captura-de-tela-2025-05-08-162034-1024x821.png\" class=\"attachment-large size-large wp-image-1238\" alt=\"\" srcset=\"https:\/\/www.fcf.unicamp.br\/cursos-extensao\/wp-content\/uploads\/sites\/11\/2025\/05\/Captura-de-tela-2025-05-08-162034-1024x821.png 1024w, https:\/\/www.fcf.unicamp.br\/cursos-extensao\/wp-content\/uploads\/sites\/11\/2025\/05\/Captura-de-tela-2025-05-08-162034-300x240.png 300w, https:\/\/www.fcf.unicamp.br\/cursos-extensao\/wp-content\/uploads\/sites\/11\/2025\/05\/Captura-de-tela-2025-05-08-162034-768x615.png 768w, https:\/\/www.fcf.unicamp.br\/cursos-extensao\/wp-content\/uploads\/sites\/11\/2025\/05\/Captura-de-tela-2025-05-08-162034.png 1057w\" sizes=\"(max-width: 1024px) 100vw, 1024px\" \/>\t\t\t\t\t\t\t\t\t\t\t\t\t\t\t<\/div>\n\t\t\t\t<\/div>\n\t\t\t\t<\/div>\n\t\t\t\t<\/div>\n\t\t","protected":false},"excerpt":{"rendered":"<p>Cursos de extens\u00e3o: S\u00e3o atividades educacionais, de curta ou m\u00e9dia dura\u00e7\u00e3o, promovidas pelas institui\u00e7\u00f5es de ensino superior, destinadas a p\u00fablicos diversos, com o objetivo de difundir conhecimento, promover a forma\u00e7\u00e3o [&hellip;]<\/p>\n","protected":false},"author":17,"featured_media":0,"parent":0,"menu_order":0,"comment_status":"closed","ping_status":"closed","template":"","meta":{"_EventAllDay":false,"_EventTimezone":"","_EventStartDate":"","_EventEndDate":"","_EventStartDateUTC":"","_EventEndDateUTC":"","_EventShowMap":false,"_EventShowMapLink":false,"_EventURL":"","_EventCost":"","_EventCostDescription":"","_EventCurrencySymbol":"","_EventCurrencyCode":"","_EventCurrencyPosition":"","_EventDateTimeSeparator":"","_EventTimeRangeSeparator":"","_EventOrganizerID":[],"_EventVenueID":[],"_OrganizerEmail":"","_OrganizerPhone":"","_OrganizerWebsite":"","_VenueAddress":"","_VenueCity":"","_VenueCountry":"","_VenueProvince":"","_VenueState":"","_VenueZip":"","_VenuePhone":"","_VenueURL":"","_VenueStateProvince":"","_VenueLat":"","_VenueLng":"","_VenueShowMap":false,"_VenueShowMapLink":false,"footnotes":""},"class_list":["post-814","page","type-page","status-publish","hentry"],"amp_enabled":true,"_links":{"self":[{"href":"https:\/\/www.fcf.unicamp.br\/cursos-extensao\/wp-json\/wp\/v2\/pages\/814","targetHints":{"allow":["GET"]}}],"collection":[{"href":"https:\/\/www.fcf.unicamp.br\/cursos-extensao\/wp-json\/wp\/v2\/pages"}],"about":[{"href":"https:\/\/www.fcf.unicamp.br\/cursos-extensao\/wp-json\/wp\/v2\/types\/page"}],"author":[{"embeddable":true,"href":"https:\/\/www.fcf.unicamp.br\/cursos-extensao\/wp-json\/wp\/v2\/users\/17"}],"replies":[{"embeddable":true,"href":"https:\/\/www.fcf.unicamp.br\/cursos-extensao\/wp-json\/wp\/v2\/comments?post=814"}],"version-history":[{"count":62,"href":"https:\/\/www.fcf.unicamp.br\/cursos-extensao\/wp-json\/wp\/v2\/pages\/814\/revisions"}],"predecessor-version":[{"id":1770,"href":"https:\/\/www.fcf.unicamp.br\/cursos-extensao\/wp-json\/wp\/v2\/pages\/814\/revisions\/1770"}],"wp:attachment":[{"href":"https:\/\/www.fcf.unicamp.br\/cursos-extensao\/wp-json\/wp\/v2\/media?parent=814"}],"curies":[{"name":"wp","href":"https:\/\/api.w.org\/{rel}","templated":true}]}}